{"id":77,"date":"2016-04-02T18:30:24","date_gmt":"2016-04-02T17:30:24","guid":{"rendered":"https:\/\/wasteconnection.nl\/en\/?page_id=77"},"modified":"2024-05-06T19:40:57","modified_gmt":"2024-05-06T18:40:57","slug":"betriebsmull-rentabler-entsorgen","status":"publish","type":"page","link":"https:\/\/wasteconnection.nl\/de\/betriebsmull-rentabler-entsorgen\/","title":{"rendered":"Betriebsm\u00fcll rentabler entsorgen"},"content":{"rendered":"<div class=\"tx-row \">\n<div class=\"tx-column tx-column-size-2-3\">Bereits \u00fcber ein Jahrzehnt k\u00fcmmert sich Waste Connection um die Entsorgung von Betriebsm\u00fcll, KWD und Restm\u00fcll aus dem Sortiment einer gro\u00dfen Menge Recyclingfirmen. Im Innen- und im Ausland werden die M\u00fcllverbrennungsanlagen (AVIs) optimal benutzt, damit die Gr\u00f6\u00dfenvorteile der Teilnehmer enorm sind.<br \/>\nEs stellt sich heraus, dass es sich neben Geld- und Zeitersparnisse f\u00fcr Firmen auch lohnt, sich auf Nachhaltigkeit zu profilieren. Die meist niederl\u00e4ndischen AVIs haben alle einen R1 Status: dabei handelt es sich um einen h\u00f6heren Status als f\u00fcr Anlagen, worin M\u00fcll ohne Energieerzeugung verbrannt wird.<\/p>\n<h3>Langfristige Verarbeitung<\/h3>\n<p style=\"text-align: left\"><img loading=\"lazy\" decoding=\"async\" class=\"size-medium wp-image-186 alignleft\" src=\"https:\/\/wasteconnection.nl\/wp-content\/uploads\/2016\/04\/Moerdijk-199x300.jpg\" alt=\"Moerdijk\" width=\"199\" height=\"300\" srcset=\"https:\/\/wasteconnection.nl\/wp-content\/uploads\/2016\/04\/Moerdijk-199x300.jpg 199w, https:\/\/wasteconnection.nl\/wp-content\/uploads\/2016\/04\/Moerdijk.jpg 468w\" sizes=\"auto, (max-width: 199px) 100vw, 199px\" \/><\/p>\n<p style=\"text-align: left\">Wir bestreben uns dauerhaft um die Kraft und Vorteile des gemeinschaftlichen Einkaufs. F\u00fcr 25 teilnehmende Recyclingfirmen war dies w\u00e4hrend der letzten Jahre besonders lukrativ. Und dar\u00fcber hinaus auch zukunftsorientiert. Ende 2006 schloss Waste Connection einen Vertrag mit Essent Milieu, das heutige <a href=\"http:\/\/www.attero.nl\/\" target=\"_blank\" rel=\"noopener\"><u><span style=\"color: #0066cc\">Attero<\/span><\/u><\/a>, und versicherte somit die Entsorgung f\u00fcr die n\u00e4chsten 17 Jahre. Dieser Bulkladungsvertrag von Waste Connection mit Attero stellt sich als gute Wahl heraus und erwies sich f\u00fcr die Teilnehmer schon weitgehend. Die Zielsetzung, dass alle Parteien die gegenseitige Zusammenarbeit st\u00e4rken, ist damit eine Tatsache.<\/p>\n<p style=\"text-align: right\">Wir \u00fcbernehmen Ihre Sorgen hinsichtlich der Entsorgung von Betriebsm\u00fcll.<br \/>\nProfitieren Sie von den Gr\u00f6\u00dfenvorteilen und fragen Sie jetzt <a href=\"https:\/\/wasteconnection.nl\/de\/contact\/\"><u><span style=\"color: #0066cc\">Ihre unverbindliche Beratung an&gt;<\/span><\/u><\/a><\/p>\n<\/div>\n<div class=\"tx-column tx-column-size-1-3\">\n<img loading=\"lazy\" decoding=\"async\" class=\"alignnone wp-image-177 size-large\" src=\"https:\/\/wasteconnection.nl\/wp-content\/uploads\/2016\/04\/DSC02845--680x1024.jpg\" alt=\"\" width=\"604\" height=\"910\" srcset=\"https:\/\/wasteconnection.nl\/wp-content\/uploads\/2016\/04\/DSC02845--680x1024.jpg 680w, https:\/\/wasteconnection.nl\/wp-content\/uploads\/2016\/04\/DSC02845--199x300.jpg 199w, https:\/\/wasteconnection.nl\/wp-content\/uploads\/2016\/04\/DSC02845--768x1156.jpg 768w\" sizes=\"auto, (max-width: 604px) 100vw, 604px\" \/><br \/>\n<\/div>\n<\/div>","protected":false},"excerpt":{"rendered":"","protected":false},"author":1,"featured_media":0,"parent":0,"menu_order":0,"comment_status":"closed","ping_status":"closed","template":"page-sidebar.php","meta":{"footnotes":""},"class_list":["post-77","page","type-page","status-publish","hentry"],"aioseo_notices":[],"_links":{"self":[{"href":"https:\/\/wasteconnection.nl\/de\/wp-json\/wp\/v2\/pages\/77","targetHints":{"allow":["GET"]}}],"collection":[{"href":"https:\/\/wasteconnection.nl\/de\/wp-json\/wp\/v2\/pages"}],"about":[{"href":"https:\/\/wasteconnection.nl\/de\/wp-json\/wp\/v2\/types\/page"}],"author":[{"embeddable":true,"href":"https:\/\/wasteconnection.nl\/de\/wp-json\/wp\/v2\/users\/1"}],"replies":[{"embeddable":true,"href":"https:\/\/wasteconnection.nl\/de\/wp-json\/wp\/v2\/comments?post=77"}],"version-history":[{"count":1,"href":"https:\/\/wasteconnection.nl\/de\/wp-json\/wp\/v2\/pages\/77\/revisions"}],"predecessor-version":[{"id":2337,"href":"https:\/\/wasteconnection.nl\/de\/wp-json\/wp\/v2\/pages\/77\/revisions\/2337"}],"wp:attachment":[{"href":"https:\/\/wasteconnection.nl\/de\/wp-json\/wp\/v2\/media?parent=77"}],"curies":[{"name":"wp","href":"https:\/\/api.w.org\/{rel}","templated":true}]}}