{"id":75,"date":"2016-04-02T18:26:16","date_gmt":"2016-04-02T17:26:16","guid":{"rendered":"https:\/\/wasteconnection.nl\/en\/?page_id=75"},"modified":"2024-05-06T19:45:33","modified_gmt":"2024-05-06T18:45:33","slug":"einfache-recycling-von-reifen","status":"publish","type":"page","link":"https:\/\/wasteconnection.nl\/de\/einfache-recycling-von-reifen\/","title":{"rendered":"Einfache Recycling von Reifen"},"content":{"rendered":"<div class=\"tx-row \">\n<div class=\"tx-column tx-column-size-2-3\">Reifen verarbeiten lassen. F\u00fcr Recyclingfirmen gibt es keinen einfacheren Weg. Auch wenn nur eine beschr\u00e4nkte Reifenmenge geliefert wird, ist die Annahme kein Problem. Grenzenlose Reifenlagerung, bis endlich zureichend Reifen da sind um diese verkaufen zu k\u00f6nnen? Dass m\u00f6chte nat\u00fcrlich niemand. Waste Connection akzeptiert kleine Mengen, wobei es f\u00fcr den Anbieter so wenig Handlungen wie nur m\u00f6glich gibt und die Verarbeitungsgeb\u00fchren besonders g\u00fcnstig sind.<\/p>\n<h3><strong>Die beste L\u00f6sung<\/strong><\/h3>\n<p><img loading=\"lazy\" decoding=\"async\" class=\"size-medium wp-image-182 alignleft\" src=\"https:\/\/wasteconnection.nl\/wp-content\/uploads\/2016\/04\/Team-band-300x215.jpg\" alt=\"Team band\" width=\"300\" height=\"215\" srcset=\"https:\/\/wasteconnection.nl\/wp-content\/uploads\/2016\/04\/Team-band-300x215.jpg 300w, https:\/\/wasteconnection.nl\/wp-content\/uploads\/2016\/04\/Team-band-768x551.jpg 768w, https:\/\/wasteconnection.nl\/wp-content\/uploads\/2016\/04\/Team-band-1024x735.jpg 1024w, https:\/\/wasteconnection.nl\/wp-content\/uploads\/2016\/04\/Team-band.jpg 1920w\" sizes=\"auto, (max-width: 300px) 100vw, 300px\" \/><\/p>\n<p>Immer mehr Parteien w\u00e4hlen die gemeinschaftliche Kraft von Waste Connection. Sie brauchen sich nicht mehr darum zu k\u00fcmmern, wenn Sie alte Autoreifen im Mischabfall vorfinden. Viele Verarbeiter akzeptieren nur riesige Mengen, aber bei der kollektiven Vorgehensweise spielt das keine Rolle mehr. Die Recyclingfirma wird auch nicht mehr darum gebeten, die Reifen zu trennen, z.B.: PKW-Reifen ohne Felge, PKW-Reifen mit Felge, LKW-Reifen mit und ohne Felge und Reifen von L\u00f6ffelbaggern und Traktoren. Sie brauchen sich nicht mehr darum zu k\u00fcmmern: bereits seit einigen Jahren k\u00f6nnen diese Reifen durcheinander geliefert werden. Die beste L\u00f6sung, die funktioniert!<\/p>\n<h3><strong>Optimale Verarbeitung<\/strong><\/h3>\n<p>Waste Connection ist au\u00dferdem Fachspezialist f\u00fcr die Verarbeitung verschiedener Reifen. Diese werden heutzutage nicht mehr zu neuen Reifen verarbeitet: es gibt mehrere Recyclingprodukte, wie z.B. die Verwendung verkleinerter Reifen in Gummifliesen oder in weiteren, relativ niederqualitativen Produkten. Der gr\u00f6\u00dfte Teil wird jedoch zum Sekund\u00e4rbrennstoff f\u00fcr Zement\u00f6fen hochgearbeitet. F\u00fcr Waste Connection beinhaltet dies auch einen gro\u00dfen Absatzmarkt.<\/p>\n<p style=\"text-align: right\">Wir \u00fcbernehmen Ihre Sorgen hinsichtlich der Reifenverarbeitung.<br \/>\nProfitieren Sie von den Gr\u00f6\u00dfenvorteilen und fragen Sie jetzt <a href=\"https:\/\/wasteconnection.nl\/de\/contact\/\"><u><span style=\"color: #0066cc\">Ihre unverbindliche Beratung an&gt;<\/span><\/u><\/a><\/p>\n<\/div>\n<div class=\"tx-column tx-column-size-1-3\"> <img loading=\"lazy\" decoding=\"async\" class=\"alignnone wp-image-172 size-large\" src=\"https:\/\/wasteconnection.nl\/wp-content\/uploads\/2016\/04\/Banden-3Pixabay-723x1024.jpg\" alt=\"Banden 3Pixabay\" width=\"604\" height=\"855\" srcset=\"https:\/\/wasteconnection.nl\/wp-content\/uploads\/2016\/04\/Banden-3Pixabay-723x1024.jpg 723w, https:\/\/wasteconnection.nl\/wp-content\/uploads\/2016\/04\/Banden-3Pixabay-212x300.jpg 212w, https:\/\/wasteconnection.nl\/wp-content\/uploads\/2016\/04\/Banden-3Pixabay-768x1088.jpg 768w, https:\/\/wasteconnection.nl\/wp-content\/uploads\/2016\/04\/Banden-3Pixabay.jpg 1355w\" sizes=\"auto, (max-width: 604px) 100vw, 604px\" \/><br \/>\n<\/div>\n<\/div>","protected":false},"excerpt":{"rendered":"","protected":false},"author":1,"featured_media":0,"parent":0,"menu_order":0,"comment_status":"closed","ping_status":"closed","template":"","meta":{"footnotes":""},"class_list":["post-75","page","type-page","status-publish","hentry"],"aioseo_notices":[],"_links":{"self":[{"href":"https:\/\/wasteconnection.nl\/de\/wp-json\/wp\/v2\/pages\/75","targetHints":{"allow":["GET"]}}],"collection":[{"href":"https:\/\/wasteconnection.nl\/de\/wp-json\/wp\/v2\/pages"}],"about":[{"href":"https:\/\/wasteconnection.nl\/de\/wp-json\/wp\/v2\/types\/page"}],"author":[{"embeddable":true,"href":"https:\/\/wasteconnection.nl\/de\/wp-json\/wp\/v2\/users\/1"}],"replies":[{"embeddable":true,"href":"https:\/\/wasteconnection.nl\/de\/wp-json\/wp\/v2\/comments?post=75"}],"version-history":[{"count":1,"href":"https:\/\/wasteconnection.nl\/de\/wp-json\/wp\/v2\/pages\/75\/revisions"}],"predecessor-version":[{"id":2339,"href":"https:\/\/wasteconnection.nl\/de\/wp-json\/wp\/v2\/pages\/75\/revisions\/2339"}],"wp:attachment":[{"href":"https:\/\/wasteconnection.nl\/de\/wp-json\/wp\/v2\/media?parent=75"}],"curies":[{"name":"wp","href":"https:\/\/api.w.org\/{rel}","templated":true}]}}