{"id":73,"date":"2016-04-02T18:24:56","date_gmt":"2016-04-02T17:24:56","guid":{"rendered":"https:\/\/wasteconnection.nl\/en\/?page_id=73"},"modified":"2024-05-06T19:54:52","modified_gmt":"2024-05-06T18:54:52","slug":"abfallholz-kenntnispartner","status":"publish","type":"page","link":"https:\/\/wasteconnection.nl\/de\/abfallholz-kenntnispartner\/","title":{"rendered":"Abfallholz Kenntnispartner"},"content":{"rendered":"<div class=\"tx-row \">\n<div class=\"tx-column tx-column-size-2-3\">Bereits am Anfang dieses Jahrtausends schloss Waste Connection ihre erste Vereinbarung mit der RWE Biomassenzentrale in Deutschland. Die gro\u00dfe, deutsche Energiefirma ist eine der drei festen Abnehmer von Waste Connection in Sache Holzsp\u00e4ne. Diese Holzsp\u00e4ne dienen als sekund\u00e4rer Brennstoff in der Zentrale.<\/p>\n<h3><img loading=\"lazy\" decoding=\"async\" class=\"size-medium wp-image-121 alignleft\" src=\"https:\/\/wasteconnection.nl\/wp-content\/uploads\/2016\/04\/Biomassa-centrale-hout-Pixabay-300x215.jpg\" alt=\"Biomassa centrale (hout) Pixabay\" width=\"300\" height=\"215\" srcset=\"https:\/\/wasteconnection.nl\/wp-content\/uploads\/2016\/04\/Biomassa-centrale-hout-Pixabay-300x215.jpg 300w, https:\/\/wasteconnection.nl\/wp-content\/uploads\/2016\/04\/Biomassa-centrale-hout-Pixabay-768x551.jpg 768w, https:\/\/wasteconnection.nl\/wp-content\/uploads\/2016\/04\/Biomassa-centrale-hout-Pixabay-1024x734.jpg 1024w, https:\/\/wasteconnection.nl\/wp-content\/uploads\/2016\/04\/Biomassa-centrale-hout-Pixabay.jpg 1920w\" sizes=\"auto, (max-width: 300px) 100vw, 300px\" \/>Weitgehende Zusammenarbeit in der Verarbeitung<\/h3>\n<p>Immer mehr Recyclingfirmen mit Abbruchholz sehen die gemeinschaftlichen Vorteile von Waste Connection als Partner f\u00fcr den Absatz in Biomassenzentralen ein.<\/p>\n<p>Die erforderlichen Exportgenehmigungen, die Qualit\u00e4tsgew\u00e4hrleistung und fast die vollst\u00e4ndige, finanzielle Abwicklung werden \u00fcbernommen. Auf Wunsch k\u00f6nnen wir sogar den Transport f\u00fcr Sie \u00fcbernehmen.<\/p>\n<h3>Jeder sein eigenes Spezialgebiet<\/h3>\n<p>Da Waste Connection alle Aufgaben \u00fcbernimmt, braucht die Recyclingfirma sich nur noch um ihre Hauptaufgaben und um ihre Kunden zu k\u00fcmmern. Wir k\u00fcmmern uns um die Wahl der besten Bestimmung des Holzes und um den gesamten Verarbeitungsprozess: von Aufarbeitung des Abbruchholzes bis hin zum Endprodukt.<\/p>\n<p>Es handelt sich dabei um ein besonderes Spezialgebiet, da Abbruchholz auf mehrere Weisen wiederverwendet oder verarbeitet werden kann. Falls es die richtige Qualit\u00e4t hat, wird es zum Beispiel f\u00fcr die Produktion von Spanplatten verwendet. Wurde die Qualit\u00e4t des Abbruchholzes als niedriger eingestuft, kann es als Sekund\u00e4rbrennstoff verwendet werden. Laien k\u00f6nnen wir nicht \u00fcbel nehmen, dass Sie diese letzte Art der Wiederverwendung oder Verarbeitung als weniger oder sogar als ungeeignet sehen: unsere Fachexperten beurteilen dies t\u00e4glich anhand sehr spezifischer Merkmale.<\/p>\n<h3>Beste Wahl zur Wiederverwendung<\/h3>\n<p>Die Materialsorte wird an der Vorderseite tiefgehend beurteilt. Abbruchholz mit einem bestimmten Verschmutzungsgrad ist nur f\u00fcr die Verarbeitung zum Sekund\u00e4rbrennstoff geeignet. Beispiele davon sind impr\u00e4gniertes oder wolmanisiertes Holz, oder auch Holz, das derartig nachhaltig gemacht wurde, dass es nicht mehr als Inputmaterial f\u00fcr ein zweites Leben als Holzprodukt geeignet ist.<\/p>\n<p>Abbruchholz aller Qualit\u00e4ten wird optimal zur Biomasse, zum Sekund\u00e4r- oder zum Prim\u00e4rbrennstoff verarbeitet. Wir w\u00e4hlen immer die h\u00f6chstm\u00f6gliche, existierende Form der Wiederverwendung.<\/p>\n<p style=\"text-align: right\">Wir \u00fcbernehmen Ihre Sorgen hinsichtlich Holzverarbeitung.<br \/>\nProfitieren Sie von den Gr\u00f6\u00dfenvorteilen und fragen Sie jetzt <a href=\"https:\/\/wasteconnection.nl\/de\/contact\/\">Ihre unverbindliche Beratung an&gt;<\/a><\/p>\n<\/div>\n<div class=\"tx-column tx-column-size-1-3\"><img loading=\"lazy\" decoding=\"async\" class=\"alignnone wp-image-175 size-large\" src=\"https:\/\/wasteconnection.nl\/wp-content\/uploads\/2016\/04\/hout-4-Pixabay-1-683x1024.jpg\" alt=\"hout 4 Pixabay\" width=\"604\" height=\"906\" srcset=\"https:\/\/wasteconnection.nl\/wp-content\/uploads\/2016\/04\/hout-4-Pixabay-1-683x1024.jpg 683w, https:\/\/wasteconnection.nl\/wp-content\/uploads\/2016\/04\/hout-4-Pixabay-1-200x300.jpg 200w, https:\/\/wasteconnection.nl\/wp-content\/uploads\/2016\/04\/hout-4-Pixabay-1-768x1152.jpg 768w, https:\/\/wasteconnection.nl\/wp-content\/uploads\/2016\/04\/hout-4-Pixabay-1.jpg 1280w\" sizes=\"auto, (max-width: 604px) 100vw, 604px\" \/><\/p>\n<\/div>\n<\/div>","protected":false},"excerpt":{"rendered":"","protected":false},"author":1,"featured_media":0,"parent":0,"menu_order":0,"comment_status":"closed","ping_status":"closed","template":"page-sidebar.php","meta":{"footnotes":""},"class_list":["post-73","page","type-page","status-publish","hentry"],"aioseo_notices":[],"_links":{"self":[{"href":"https:\/\/wasteconnection.nl\/de\/wp-json\/wp\/v2\/pages\/73","targetHints":{"allow":["GET"]}}],"collection":[{"href":"https:\/\/wasteconnection.nl\/de\/wp-json\/wp\/v2\/pages"}],"about":[{"href":"https:\/\/wasteconnection.nl\/de\/wp-json\/wp\/v2\/types\/page"}],"author":[{"embeddable":true,"href":"https:\/\/wasteconnection.nl\/de\/wp-json\/wp\/v2\/users\/1"}],"replies":[{"embeddable":true,"href":"https:\/\/wasteconnection.nl\/de\/wp-json\/wp\/v2\/comments?post=73"}],"version-history":[{"count":1,"href":"https:\/\/wasteconnection.nl\/de\/wp-json\/wp\/v2\/pages\/73\/revisions"}],"predecessor-version":[{"id":2340,"href":"https:\/\/wasteconnection.nl\/de\/wp-json\/wp\/v2\/pages\/73\/revisions\/2340"}],"wp:attachment":[{"href":"https:\/\/wasteconnection.nl\/de\/wp-json\/wp\/v2\/media?parent=73"}],"curies":[{"name":"wp","href":"https:\/\/api.w.org\/{rel}","templated":true}]}}