{"id":70,"date":"2016-04-02T14:31:06","date_gmt":"2016-04-02T13:31:06","guid":{"rendered":"https:\/\/wasteconnection.nl\/en\/?page_id=70"},"modified":"2024-05-06T19:42:17","modified_gmt":"2024-05-06T18:42:17","slug":"over-ons","status":"publish","type":"page","link":"https:\/\/wasteconnection.nl\/de\/uber-uns\/","title":{"rendered":"\u00dcber uns"},"content":{"rendered":"<div class=\"tx-row \">\n<div class=\"tx-column tx-column-size-2-3\">\n<h2>Waste Connection steht f\u00fcr Sicherheit<\/h2>\n<p>Perfekt w\u00e4hlen. F\u00fcr Parteien innerhalb der M\u00fcllverarbeitung ist dies die gemeinschaftliche Herausforderung.<\/p>\n<blockquote><p><span style=\"color: #000000\"><strong>Was ist die ideale L\u00f6sung zur Wiederverwendung und Verarbeitung von M\u00fcll? Es gibt viele M\u00f6glichkeiten!<\/strong><\/span><\/p><\/blockquote>\n<p>Die immer strikter werdende Umweltgesetzgebung und die Zunahme der Recyclingm\u00f6glichkeiten machen die Antwort auf diese Frage nicht einfach. Viele M\u00fcllverarbeitungsfirmen sehen wegen der Komplexit\u00e4t den Wald f\u00fcr lauter B\u00e4umen nicht mehr. Diese Unsicherheit kann kollektiv stahlhart reduziert werden.<\/p>\n<h3>Spezialist in M\u00f6glichkeiten<\/h3>\n<p>2005 sah Waste Connection Transparenz in der M\u00fcllverarbeitung als ultimative Herausforderung und spezialisierte sich im Bereich der vielen Verarbeitungsm\u00f6glichkeiten, damit es Firmen im Innen- und im Ausland von sowohl Input als Output versehen konnte. Dank der in vielen Jahren gewonnenen Kenntnisse und Erfahrung innerhalb der M\u00fcll- und Recyclingwelt wurde die Firma au\u00dferdem zum perfekten Ratgeber. Die Firma versteht nicht nur alles im Bereich des Betriebs der M\u00fclleinsammlung und Verarbeitung, hat aber auch eine starke Affinit\u00e4t mit dem Bereich und den fortw\u00e4hrenden Entwicklungen und Erneuerungen.<\/p>\n<h3>Zusammen st\u00e4rker mit Einkaufsvorteilen und Kontinuit\u00e4t im Absatz<\/h3>\n<p><img loading=\"lazy\" decoding=\"async\" class=\"size-medium wp-image-196 alignleft\" src=\"https:\/\/wasteconnection.nl\/wp-content\/uploads\/2016\/04\/Team-Raft-300x199.jpg\" alt=\"Team Raft\" width=\"300\" height=\"199\" srcset=\"https:\/\/wasteconnection.nl\/wp-content\/uploads\/2016\/04\/Team-Raft-300x199.jpg 300w, https:\/\/wasteconnection.nl\/wp-content\/uploads\/2016\/04\/Team-Raft-768x510.jpg 768w, https:\/\/wasteconnection.nl\/wp-content\/uploads\/2016\/04\/Team-Raft-1024x681.jpg 1024w, https:\/\/wasteconnection.nl\/wp-content\/uploads\/2016\/04\/Team-Raft.jpg 1920w\" sizes=\"auto, (max-width: 300px) 100vw, 300px\" \/>Da die Kr\u00e4fte bereits \u00fcber vierzig teilnehmender Betriebe geb\u00fcndelt werden, nehmen auch die Vorteile der Zusammenarbeit strukturell zu. M\u00fcllverarbeitungsfirmen in den Niederlanden, in Deutschland, Belgien und Luxemburg profitieren davon bereits weitgehend.<br \/>\nWaste Connection erzeugt einen konstanten Absatz dadurch, dass die Absatzm\u00f6glichkeiten kurz- oder langfristig festgelegt werden. Mit Vertr\u00e4gen f\u00fcr Zeitr\u00e4ume von einem bis zu siebzehn Jahre(n). Au\u00dferdem haben niederl\u00e4ndische und deutsche Energieerzeuger wie <a href=\"http:\/\/www.essent.nl\" target=\"_blank\" rel=\"noopener\"><u><span style=\"color: #0066cc\">Essent <\/span><\/u><\/a>und <a href=\"http:\/\/www.rwe.com\" target=\"_blank\" rel=\"noopener\"><u><span style=\"color: #0066cc\">RWE <\/span><\/u><\/a>sich langfristig vertr\u00e4glich mit Waste Connection verbunden. Feste, langj\u00e4hrige Beziehungen nutzen somit Einkaufsvorteile und Sicherheiten.<\/p>\n<h3>Mehrwert der Sorgen\u00fcbernahme<\/h3>\n<p><img loading=\"lazy\" decoding=\"async\" class=\"size-full wp-image-263 alignright\" src=\"https:\/\/wasteconnection.nl\/wp-content\/uploads\/2016\/04\/Opsomming.jpg\" alt=\"Opsomming\" width=\"227\" height=\"227\" srcset=\"https:\/\/wasteconnection.nl\/wp-content\/uploads\/2016\/04\/Opsomming.jpg 227w, https:\/\/wasteconnection.nl\/wp-content\/uploads\/2016\/04\/Opsomming-150x150.jpg 150w\" sizes=\"auto, (max-width: 227px) 100vw, 227px\" \/>Waste Connection \u00fcbernimmt seit einigen Jahren f\u00fcr Firmen erfolgreich alle Sorgen hinsichtlich der n\u00e4chsten Hauptstr\u00f6me: Betriebsm\u00fcll, Bau- und Abbruchm\u00fcll, Ferro, Non-Ferro, Holz a\/b\/c, Kunststoffe, Autoreifen und Gips.<br \/>\nMehrere hunderttausende Tonnen sind bereits dank des Einsatzes von Waste Connection zu hochwertigen Sekund\u00e4rbrennstoffen, Baustoffen und Halbfabrikaten verarbeitet. Mit Gr\u00f6\u00dfenvorteilen, Sicherheiten, Kenntnissen und Bequemlichkeit f\u00fcr die Teilnehmer. Und nat\u00fcrlich f\u00fchrt dies zu Kostenersparnissen, wobei &#8218;Austauschen&#8216; an erster Stelle steht.<br \/>\nDa Frage und Angebot schlau abgestimmt und der Transport optimiert wird, entsteht einen enormen Mehrwert.\u00a0 Eine Ladung M\u00fcll liefern und sofort eine mit demselben LKW entsorgen, erzeugt f\u00fcr beide Parteien nicht nur Transportvorteile, sondern auch In- und Output. Es ist selbstverst\u00e4ndlich, dass das sogenannte &#8218;Austauschen&#8216; au\u00dferdem besonders positive Umwelteffekte erzeugt.<\/p>\n<p style=\"text-align: right\">Wir \u00fcbernehmen Ihre Sorgen hinsichtlich M\u00fcllverarbeitung.<br \/>\nProfitieren Sie von den Gr\u00f6\u00dfenvorteilen und fragen Sie jetzt <a href=\"https:\/\/wasteconnection.nl\/de\/contact\/\"><u><span style=\"color: #0066cc\">Ihre unverbindliche Beratung an&gt;<\/span><\/u><\/a><\/p>\n<\/div>\n<div class=\"tx-column tx-column-size-1-3\">\n<p><img loading=\"lazy\" decoding=\"async\" class=\"alignnone wp-image-179 size-large\" src=\"https:\/\/wasteconnection.nl\/wp-content\/uploads\/2016\/04\/Team-Rugby-731x1024.jpg\" alt=\"Team Rugby\" width=\"604\" height=\"846\" srcset=\"https:\/\/wasteconnection.nl\/wp-content\/uploads\/2016\/04\/Team-Rugby-731x1024.jpg 731w, https:\/\/wasteconnection.nl\/wp-content\/uploads\/2016\/04\/Team-Rugby-214x300.jpg 214w, https:\/\/wasteconnection.nl\/wp-content\/uploads\/2016\/04\/Team-Rugby-768x1076.jpg 768w, https:\/\/wasteconnection.nl\/wp-content\/uploads\/2016\/04\/Team-Rugby.jpg 914w\" sizes=\"auto, (max-width: 604px) 100vw, 604px\" \/><\/p>\n<\/div>\n<\/div>","protected":false},"excerpt":{"rendered":"","protected":false},"author":1,"featured_media":0,"parent":0,"menu_order":0,"comment_status":"closed","ping_status":"closed","template":"page-sidebar.php","meta":{"footnotes":""},"class_list":["post-70","page","type-page","status-publish","hentry"],"aioseo_notices":[],"_links":{"self":[{"href":"https:\/\/wasteconnection.nl\/de\/wp-json\/wp\/v2\/pages\/70","targetHints":{"allow":["GET"]}}],"collection":[{"href":"https:\/\/wasteconnection.nl\/de\/wp-json\/wp\/v2\/pages"}],"about":[{"href":"https:\/\/wasteconnection.nl\/de\/wp-json\/wp\/v2\/types\/page"}],"author":[{"embeddable":true,"href":"https:\/\/wasteconnection.nl\/de\/wp-json\/wp\/v2\/users\/1"}],"replies":[{"embeddable":true,"href":"https:\/\/wasteconnection.nl\/de\/wp-json\/wp\/v2\/comments?post=70"}],"version-history":[{"count":1,"href":"https:\/\/wasteconnection.nl\/de\/wp-json\/wp\/v2\/pages\/70\/revisions"}],"predecessor-version":[{"id":2338,"href":"https:\/\/wasteconnection.nl\/de\/wp-json\/wp\/v2\/pages\/70\/revisions\/2338"}],"wp:attachment":[{"href":"https:\/\/wasteconnection.nl\/de\/wp-json\/wp\/v2\/media?parent=70"}],"curies":[{"name":"wp","href":"https:\/\/api.w.org\/{rel}","templated":true}]}}