{"id":63,"date":"2016-04-02T14:20:22","date_gmt":"2016-04-02T13:20:22","guid":{"rendered":"https:\/\/wasteconnection.nl\/en\/?page_id=63"},"modified":"2026-01-29T14:26:34","modified_gmt":"2026-01-29T13:26:34","slug":"contact","status":"publish","type":"page","link":"https:\/\/wasteconnection.nl\/de\/kontakt\/","title":{"rendered":"Kontakt"},"content":{"rendered":"Dank des Kollektivs von Waste Collection ist Ihre Position st\u00e4rker und profitieren Sie von vielen Einkaufsvorteilen. Wir sind Ihnen bei der \u00dcbernahme der Sorgen und bei der Nutzung der besten M\u00f6glichkeiten f\u00fcr Wiederverwendung und Verarbeitung gerne behilflich.<br \/>\nM\u00f6chten Sie eine unverbindliche Beratung der Gr\u00f6\u00dfenvorteile? Oder haben Sie eine Frage, Bemerkung oder einen Tipp? Schicken Sie uns eine <a href=\"mailto: Info@WasteConnection.nl\"><u><span style=\"color: #0066cc;\">E-Mail <\/span><\/u><\/a>oder reagieren Sie mittels des unterstehenden Formulars.<br \/>\n<div class=\"tx-row \">\n<div class=\"tx-column tx-column-size-2-3\">\n<div class=\"wpcf7 no-js\" id=\"wpcf7-f4-o3\" lang=\"nl-NL\" dir=\"ltr\" data-wpcf7-id=\"4\">\n<div class=\"screen-reader-response\"><p role=\"status\" aria-live=\"polite\" aria-atomic=\"true\"><\/p> <ul><\/ul><\/div>\n<form action=\"\/de\/wp-json\/wp\/v2\/pages\/63#wpcf7-f4-o3\" method=\"post\" class=\"wpcf7-form init\" aria-label=\"Contactformulier\" novalidate=\"novalidate\" data-status=\"init\">\n<fieldset class=\"hidden-fields-container\"><input type=\"hidden\" name=\"_wpcf7\" value=\"4\" \/><input type=\"hidden\" name=\"_wpcf7_version\" value=\"6.1.4\" \/><input type=\"hidden\" name=\"_wpcf7_locale\" value=\"nl_NL\" \/><input type=\"hidden\" name=\"_wpcf7_unit_tag\" value=\"wpcf7-f4-o3\" \/><input type=\"hidden\" name=\"_wpcf7_container_post\" value=\"0\" \/><input type=\"hidden\" name=\"_wpcf7_posted_data_hash\" value=\"\" \/>\n<\/fieldset>\n<p><label class=\"formlb\">Ihr Name *<\/label><span class=\"wpcf7-form-control-wrap\" data-name=\"your-name\"><input size=\"40\" maxlength=\"400\" class=\"wpcf7-form-control wpcf7-text wpcf7-validates-as-required\" aria-required=\"true\" aria-invalid=\"false\" value=\"\" type=\"text\" name=\"your-name\" \/><\/span>\n<\/p>\n<p><label class=\"formlb\">Ihre E-Mailadresse *<\/label><span class=\"wpcf7-form-control-wrap\" data-name=\"your-email\"><input size=\"40\" maxlength=\"400\" class=\"wpcf7-form-control wpcf7-email wpcf7-validates-as-required wpcf7-text wpcf7-validates-as-email\" aria-required=\"true\" aria-invalid=\"false\" value=\"\" type=\"email\" name=\"your-email\" \/><\/span>\n<\/p>\n<p><label class=\"formlb\">Telefon<\/label><span class=\"wpcf7-form-control-wrap\" data-name=\"tel-797\"><input size=\"40\" maxlength=\"400\" class=\"wpcf7-form-control wpcf7-tel wpcf7-text wpcf7-validates-as-tel\" aria-invalid=\"false\" value=\"\" type=\"tel\" name=\"tel-797\" \/><\/span>\n<\/p>\n<p><label class=\"formlb\">Ihre Nachtricht<\/label><span class=\"wpcf7-form-control-wrap\" data-name=\"your-message\"><textarea cols=\"40\" rows=\"10\" maxlength=\"2000\" class=\"wpcf7-form-control wpcf7-textarea\" aria-invalid=\"false\" name=\"your-message\"><\/textarea><\/span>\n<\/p>\n<p><input class=\"wpcf7-form-control wpcf7-submit has-spinner\" type=\"submit\" value=\"Senden\" \/>\n<\/p><div class=\"wpcf7-response-output\" aria-hidden=\"true\"><\/div>\n<\/form>\n<\/div>\n<\/div>\n<div class=\"tx-column tx-column-size-1-3\">\n<h5>WASTE CONNECTION<\/h5>\n<p>Waste Connection<br \/>\nSchouwrooij 8<br \/>\n5281 RE BOXTEL<br \/>\nTel.: +31(0)411-611470<br \/>\n<a href=\"mailto:Info@WasteConnection.nl\"><u><span style=\"color: #0066cc\">Info@WasteConnection.nl<\/span><\/u><\/a><\/p>\n<p><\/p>\n<\/div>\n<\/div>","protected":false},"excerpt":{"rendered":"<p>Dank des Kollektivs von Waste Collection ist Ihre Position st\u00e4rker und profitieren Sie von vielen Einkaufsvorteilen. Wir sind Ihnen bei der \u00dcbernahme der Sorgen und bei der Nutzung der besten M\u00f6glichkeiten f\u00fcr<a class=\"moretag\" href=\"https:\/\/wasteconnection.nl\/de\/kontakt\/\">Read More&#8230;<\/a><\/p>\n","protected":false},"author":1,"featured_media":0,"parent":0,"menu_order":0,"comment_status":"closed","ping_status":"closed","template":"","meta":{"footnotes":""},"class_list":["post-63","page","type-page","status-publish","hentry"],"aioseo_notices":[],"_links":{"self":[{"href":"https:\/\/wasteconnection.nl\/de\/wp-json\/wp\/v2\/pages\/63","targetHints":{"allow":["GET"]}}],"collection":[{"href":"https:\/\/wasteconnection.nl\/de\/wp-json\/wp\/v2\/pages"}],"about":[{"href":"https:\/\/wasteconnection.nl\/de\/wp-json\/wp\/v2\/types\/page"}],"author":[{"embeddable":true,"href":"https:\/\/wasteconnection.nl\/de\/wp-json\/wp\/v2\/users\/1"}],"replies":[{"embeddable":true,"href":"https:\/\/wasteconnection.nl\/de\/wp-json\/wp\/v2\/comments?post=63"}],"version-history":[{"count":2,"href":"https:\/\/wasteconnection.nl\/de\/wp-json\/wp\/v2\/pages\/63\/revisions"}],"predecessor-version":[{"id":2346,"href":"https:\/\/wasteconnection.nl\/de\/wp-json\/wp\/v2\/pages\/63\/revisions\/2346"}],"wp:attachment":[{"href":"https:\/\/wasteconnection.nl\/de\/wp-json\/wp\/v2\/media?parent=63"}],"curies":[{"name":"wp","href":"https:\/\/api.w.org\/{rel}","templated":true}]}}