{"id":5,"date":"2016-04-02T12:05:19","date_gmt":"2016-04-02T11:05:19","guid":{"rendered":"https:\/\/wasteconnection.nl\/?page_id=5&#038;lang=en"},"modified":"2019-06-11T07:19:08","modified_gmt":"2019-06-11T06:19:08","slug":"home","status":"publish","type":"page","link":"https:\/\/wasteconnection.nl\/de\/","title":{"rendered":"Home"},"content":{"rendered":"<h2 style=\"text-align: center; font-size: 26px; font-weight: 500; margin-top: 6px; margin-bottom: 6px;\">Herzlich Willkommen bei <strong>Waste Connection<\/strong><\/h2>\n<p style=\"text-align: center;\">Das Kollektiv von Waste Connection st\u00e4rkt Sie, l\u00e4sst Sie von verschiedenen Einkaufsvorteilen profitieren und bietet Ihnen Sicherheit. Die besten M\u00f6glichkeiten zur Wiederverwendung und Verarbeitung von <a href=\"https:\/\/wasteconnection.nl\/de\/abfallholz\/\"><span style=\"text-decoration: underline;\">Abfallholz<\/span><\/a>, <a href=\"https:\/\/wasteconnection.nl\/de\/einfache-recycling-von-reifen\/\"><span style=\"text-decoration: underline;\">Reifen<\/span><\/a>, <a href=\"https:\/\/wasteconnection.nl\/de\/betriebsmull\/\"><span style=\"text-decoration: underline;\">Betriebsm\u00fcll<\/span> <\/a>und <a href=\"https:\/\/wasteconnection.nl\/de\/zuverlassige-papierverarbeitung\/\"><span style=\"text-decoration: underline;\">Papier<\/span> <\/a>nutzen Sie jetzt ohne gro\u00dfe Probleme aus.<\/p>\n<p style=\"text-align: center;\"><div class=\"tx-spacer clearfix\" style=\"height: 16px\"><\/div>\n<p style=\"text-align: center;\"><div class=\"tx-spacer clearfix\" style=\"height: 16px\"><\/div>\n<p style=\"text-align: center;\"><div class=\"tx-row \">\n<div class=\"tx-column tx-column-size-1-4\"><div class=\"tx-service curved\" style=\"\"><div class=\"tx-service-icon\"><span><i class=\"fa fa-sliders\"><\/i><\/span><\/div><div class=\"tx-service-title\">Abfallholz<\/div><div class=\"tx-service-text\">Weitgehende Zusammenarbeit in der Verarbeitung, ohne gro\u00dfe Unannehmlichkeiten. Nutzen Sie Ihre Spezialismen, Hauptaufgaben und Ihr Business optimal.&lt;\/p&gt;\n&lt;p&gt;&lt;a href=&quot;https:\/\/wasteconnection.nl\/de\/abfallholz\/&quot;&gt;&lt;span style=&quot;text-decoration: underline&quot;&gt;&lt;span style=&quot;color: #0066cc;text-decoration: underline&quot;&gt;Mehr erfahren&lt;\/span&gt;&lt;\/span&gt;&lt;\/a&gt;&lt;\/p&gt;\n<\/div><\/div><\/div>\n<div class=\"tx-column tx-column-size-1-4\"><div class=\"tx-service curved\" style=\"\"><div class=\"tx-service-icon\"><span><i class=\"fa fa-circle-o\"><\/i><\/span><\/div><div class=\"tx-service-title\">Reifen<\/div><div class=\"tx-service-text\">\nKollektiveinsatz zur vielseitigen Verarbeitung mit der richtigen L\u00f6sung. Gute Zufuhrm\u00f6glichkeiten und Verarbeitungsgeb\u00fchren.&lt;\/p&gt;\n&lt;p&gt;&lt;a href=&quot;https:\/\/wasteconnection.nl\/de\/einfache-recycling-von-reifen\/&quot;&gt;&lt;span style=&quot;text-decoration: underline&quot;&gt;&lt;span style=&quot;color: #0066cc;text-decoration: underline&quot;&gt;Mehr erfahren&lt;\/span&gt;&lt;\/span&gt;&lt;\/a&gt;&lt;\/p&gt;\n<\/div><\/div><\/div>\n<div class=\"tx-column tx-column-size-1-4\"><div class=\"tx-service curved\" style=\"\"><div class=\"tx-service-icon\"><span><i class=\"fa fa-trash-o\"><\/i><\/span><\/div><div class=\"tx-service-title\">Betriebsm\u00fcll<\/div><div class=\"tx-service-text\">Kraft und lukrative Gr\u00f6\u00dfenvorteile w\u00e4hrend des Kollektiveinkaufs. Eintr\u00e4glichkeit f\u00fcr Teilnehmer hinsichtlich Zeit, Geld und Nachhaltigkeit.&lt;\/p&gt;\n&lt;p&gt;&lt;a href=&quot;https:\/\/wasteconnection.nl\/de\/betriebsmull\/&quot;&gt;&lt;span style=&quot;text-decoration: underline&quot;&gt;&lt;span style=&quot;color: #0066cc;text-decoration: underline&quot;&gt;Mehr erfahren&lt;\/span&gt;&lt;\/span&gt;&lt;\/a&gt;&lt;\/p&gt;\n<\/div><\/div><\/div>\n<div class=\"tx-column tx-column-size-1-4\"><div class=\"tx-service curved\" style=\"\"><div class=\"tx-service-icon\"><span><i class=\"fa fa-file-text-o\"><\/i><\/span><\/div><div class=\"tx-service-title\">Papier<\/div><div class=\"tx-service-text\">\nStarke Partnerschaft mit Stabilit\u00e4t und Fachwissen als Grundlage. Sowohl finanziell als auch verwaltungstechnisch f\u00fcr Teilnehmer lukrativ.&lt;\/p&gt;\n&lt;p&gt;&lt;a href=&quot;https:\/\/wasteconnection.nl\/de\/zuverlassige-papierverarbeitung\/&quot;&gt;&lt;span style=&quot;text-decoration: underline&quot;&gt;&lt;span style=&quot;color: #0066cc;text-decoration: underline&quot;&gt;Mehr erfahren&lt;\/span&gt;&lt;\/span&gt;&lt;\/a&gt;&lt;\/p&gt;\n<\/div><\/div><\/div>\n<\/div>\n<div class=\"tx-spacer clearfix\" style=\"height: 64px\"><\/div>\n<div class=\"tx-cta\" style=\"\"><div class=\"tx-cta-text\">Kontaktieren Sie uns<\/div><a href=\"https:\/\/wasteconnection.nl\/de\/contact\" class=\"cta-button\">Klicken Sie hier<\/a><div class=\"clear\"><\/div><\/div>","protected":false},"excerpt":{"rendered":"<p>Herzlich Willkommen bei Waste Connection Das Kollektiv von Waste Connection st\u00e4rkt Sie, l\u00e4sst Sie von verschiedenen Einkaufsvorteilen profitieren und bietet Ihnen Sicherheit. Die besten M\u00f6glichkeiten zur Wiederverwendung und Verarbeitung von Abfallholz, Reifen,<a class=\"moretag\" href=\"https:\/\/wasteconnection.nl\/de\/\">Read More&#8230;<\/a><\/p>\n","protected":false},"author":1,"featured_media":0,"parent":0,"menu_order":0,"comment_status":"closed","ping_status":"closed","template":"","meta":{"footnotes":""},"class_list":["post-5","page","type-page","status-publish","hentry"],"aioseo_notices":[],"_links":{"self":[{"href":"https:\/\/wasteconnection.nl\/de\/wp-json\/wp\/v2\/pages\/5","targetHints":{"allow":["GET"]}}],"collection":[{"href":"https:\/\/wasteconnection.nl\/de\/wp-json\/wp\/v2\/pages"}],"about":[{"href":"https:\/\/wasteconnection.nl\/de\/wp-json\/wp\/v2\/types\/page"}],"author":[{"embeddable":true,"href":"https:\/\/wasteconnection.nl\/de\/wp-json\/wp\/v2\/users\/1"}],"replies":[{"embeddable":true,"href":"https:\/\/wasteconnection.nl\/de\/wp-json\/wp\/v2\/comments?post=5"}],"version-history":[{"count":0,"href":"https:\/\/wasteconnection.nl\/de\/wp-json\/wp\/v2\/pages\/5\/revisions"}],"wp:attachment":[{"href":"https:\/\/wasteconnection.nl\/de\/wp-json\/wp\/v2\/media?parent=5"}],"curies":[{"name":"wp","href":"https:\/\/api.w.org\/{rel}","templated":true}]}}